{"id":101,"date":"2025-05-18T16:21:42","date_gmt":"2025-05-18T16:21:42","guid":{"rendered":"https:\/\/helgum.se.helhost.se\/?page_id=101"},"modified":"2026-03-22T19:11:59","modified_gmt":"2026-03-22T18:11:59","slug":"hembygdsforeningen","status":"publish","type":"page","link":"https:\/\/helgum.se\/?page_id=101","title":{"rendered":"Hembygdsf\u00f6reningen"},"content":{"rendered":"\n<figure class=\"wp-block-image size-full is-resized\"><img loading=\"lazy\" decoding=\"async\" width=\"800\" height=\"533\" src=\"https:\/\/helgum.se\/wp-content\/uploads\/2026\/03\/hem_800.jpg\" alt=\"\" class=\"wp-image-209\" style=\"aspect-ratio:1.5009919571045576;width:875px;height:auto\" srcset=\"https:\/\/helgum.se\/wp-content\/uploads\/2026\/03\/hem_800.jpg 800w, https:\/\/helgum.se\/wp-content\/uploads\/2026\/03\/hem_800-300x200.jpg 300w, https:\/\/helgum.se\/wp-content\/uploads\/2026\/03\/hem_800-768x512.jpg 768w\" sizes=\"auto, (max-width: 800px) 100vw, 800px\" \/><figcaption class=\"wp-element-caption\"><strong>Helgums Hembygdsg\u00e5rd<\/strong>  L\u00e4nk till hemsidan: <a href=\"http:\/\/hembygd.se\/helgum\">hembygd.se\/helgum<\/a> <\/figcaption><\/figure>\n\n\n\n<p><\/p>\n\n\n\n<h2 class=\"wp-block-heading\">\u00c5rsm\u00f6te<\/h2>\n\n\n\n<figure class=\"wp-block-image size-full is-resized\"><img loading=\"lazy\" decoding=\"async\" width=\"509\" height=\"720\" src=\"https:\/\/helgum.se\/wp-content\/uploads\/2026\/03\/image.png\" alt=\"\" class=\"wp-image-231\" style=\"width:483px;height:auto\" srcset=\"https:\/\/helgum.se\/wp-content\/uploads\/2026\/03\/image.png 509w, https:\/\/helgum.se\/wp-content\/uploads\/2026\/03\/image-212x300.png 212w\" sizes=\"auto, (max-width: 509px) 100vw, 509px\" \/><\/figure>\n\n\n\n<figure class=\"wp-block-image size-full\"><img loading=\"lazy\" decoding=\"async\" width=\"112\" height=\"134\" src=\"https:\/\/helgum.se\/wp-content\/uploads\/2026\/03\/image.jpeg\" alt=\"\" class=\"wp-image-246\"\/><\/figure>\n\n\n\n<p>Helgums Hembygdsf\u00f6rening<\/p>\n\n\n\n<p><strong><u>Verksamhetsplan f\u00f6r Helgums &nbsp;&nbsp;&nbsp;Hembygdsf\u00f6rening 2026<\/u><\/strong><\/p>\n\n\n\n<p><strong><u>Hembygdsr\u00f6relsens grundsyn<\/u><\/strong><\/p>\n\n\n\n<p>Hembygdsr\u00f6relsen \u00e4r en del av det levande samh\u00e4llet. Den skapar broar mellan det f\u00f6rg\u00e5ngna, nutiden och framtiden. Hembygdsr\u00f6relsen har ett humanistiskt och demokratiskt syns\u00e4tt. Den \u00e4r \u00f6ppen f\u00f6r alla, oavsett bakgrund. Den respekterar kulturarvets skiftande former i tid och rum. Hembygdsarbetet skapar gemenskap, trygghet och identitet. H\u00e4r m\u00f6ts alla generationer.<\/p>\n\n\n\n<p><strong><u>\u00a72 i v\u00e5ra lokala stadgar<\/u><\/strong><\/p>\n\n\n\n<p>Hembygdsr\u00f6relsens \u00e4ndam\u00e5l \u00e4r att v\u00e5rda och synligg\u00f6ra hembygdens kultur och milj\u00f6 s\u00e5 att den blir en naturlig grund f\u00f6r ett gott liv.<\/p>\n\n\n\n<p>Hembygdsf\u00f6reningen ska i detta syfte arbeta f\u00f6r:<\/p>\n\n\n\n<ul class=\"wp-block-list\">\n<li>Att kunskapen om och k\u00e4nsla f\u00f6r hembygdens kultur- och natur-arv f\u00f6rs vidare till kommande generationer<\/li>\n\n\n\n<li>Att kultur- och naturhistoriska minnen och milj\u00f6er tas till vara och g\u00f6rs tillg\u00e4ngliga f\u00f6r alla.<\/li>\n\n\n\n<li>Att v\u00e4rna om kulturarv, milj\u00f6, tradition och h\u00e4vdvunnen sed i samband med samh\u00e4llsf\u00f6r\u00e4ndring.<\/li>\n<\/ul>\n\n\n\n<p><a><strong><u>F\u00f6r det kommande \u00e5ret (2026) g\u00e4ller fr\u00e4mst<\/u><\/strong><\/a><\/p>\n\n\n\n<p><strong>Januari<\/strong><\/p>\n\n\n\n<ul class=\"wp-block-list\">\n<li>18. Styrelsem\u00f6te 18.00 i Kvarn\u00e5n<\/li>\n<\/ul>\n\n\n\n<p><strong>Februari<\/strong><\/p>\n\n\n\n<ul class=\"wp-block-list\">\n<li>15 Styrelsem\u00f6te 18.00 i Kvarn\u00e5n<\/li>\n<\/ul>\n\n\n\n<p><strong>Mars<\/strong><\/p>\n\n\n\n<ul class=\"wp-block-list\">\n<li>\u00c5rsm\u00f6te, 27mars, Fika med semlor <\/li>\n<\/ul>\n\n\n\n<p><strong>April<\/strong><\/p>\n\n\n\n<ul class=\"wp-block-list\">\n<li>25\/4, Deltagande vid regionalt \u00e5rsm\u00f6te<\/li>\n<\/ul>\n\n\n\n<p><strong>Maj<\/strong><\/p>\n\n\n\n<ul class=\"wp-block-list\">\n<li>30\/5 12.00-15.00 Plantloppis<a> p\u00e5 \u00d6stergransj\u00f6 G\u00e5rd<\/a><\/li>\n<\/ul>\n\n\n\n<p><strong>Juni<\/strong><\/p>\n\n\n\n<ul class=\"wp-block-list\">\n<li>2\/6 09.30 Utflykt med Helgums skola till St. Olovsk\u00e4llorna<\/li>\n<\/ul>\n\n\n\n<p>Bjuda p\u00e5 varmkorv och festis<strong><\/strong><\/p>\n\n\n\n<ul class=\"wp-block-list\">\n<li><a>7\/6 \u00a010.00\u00a0 Styrelsem\u00f6te\u00a0\u00a0\u00a0\u00a0\u00a0\u00a0\u00a0\u00a0\u00a0\u00a0\u00a0\u00a0\u00a0\u00a0\u00a0\u00a0\u00a0\u00a0\u00a0\u00a0\u00a0\u00a0\u00a0\u00a0\u00a0\u00a0\u00a0\u00a0\u00a0\u00a0\u00a0\u00a0\u00a0\u00a0\u00a0\u00a0\u00a0\u00a0\u00a0\u00a0\u00a0\u00a0\u00a0\u00a0 <\/a><\/li>\n<\/ul>\n\n\n\n<p>&nbsp;&nbsp;&nbsp; 11.30F\u00f6rberedelser f\u00f6r Hembygdsg\u00e5rden<strong><\/strong><\/p>\n\n\n\n<p>Gemensamt fika<strong><\/strong><\/p>\n\n\n\n<ul class=\"wp-block-list\">\n<li>14\/6\u00a0 10.00 F\u00f6rberedelser vid Dammkojan, Gemensamt fika<\/li>\n\n\n\n<li>19\/6 Midsommarfirande p\u00e5 skogsgl\u00e4ntan<\/li>\n<\/ul>\n\n\n\n<p><strong>Juli<\/strong><\/p>\n\n\n\n<ul class=\"wp-block-list\">\n<li>\u00d6ppet p\u00e5 Hembygdsg\u00e5rden<\/li>\n<\/ul>\n\n\n\n<p>4-5, 11-12, 18-19, 25-26,1-2 augusti kl.12.00- 16.00<\/p>\n\n\n\n<ul class=\"wp-block-list\">\n<li>Cykelloppet 4 juli<\/li>\n\n\n\n<li>Loppis runt sj\u00f6n 11juli<\/li>\n\n\n\n<li>19juli Pilgrimsvandring, Bjuda, kaffe med br\u00f6d<\/li>\n<\/ul>\n\n\n\n<p><strong>Augusti<\/strong><\/p>\n\n\n\n<ul class=\"wp-block-list\">\n<li>\u00d6ppet p\u00e5 Hembygdsg\u00e5rden<\/li>\n<\/ul>\n\n\n\n<p>&nbsp;&nbsp;&nbsp; 1-2 12.00-16.00<\/p>\n\n\n\n<ul class=\"wp-block-list\">\n<li>Hembygdsg\u00e5rdarnas Dag 2 augusti<\/li>\n\n\n\n<li>Almanackan f\u00e4rdigst\u00e4lls f\u00f6r tryckning<\/li>\n\n\n\n<li>Surstr\u00f6mming f\u00f6r alla medarbetare\/medlemmar<\/li>\n<\/ul>\n\n\n\n<p><strong>September<\/strong><\/p>\n\n\n\n<p><strong>Oktober<\/strong><\/p>\n\n\n\n<ul class=\"wp-block-list\">\n<li>11 Kl.18.00 Styrelsem\u00f6te i Kvarn\u00e5n<\/li>\n<\/ul>\n\n\n\n<p><strong>November<\/strong><\/p>\n\n\n\n<ul class=\"wp-block-list\">\n<li>1 kl.18.00 Tr\u00e4ff f\u00f6r att posta almanackor<\/li>\n\n\n\n<li>Skr\u00e4ckvandring vid elljussp\u00e5ret<\/li>\n<\/ul>\n\n\n\n<p><strong>December<\/strong><\/p>\n\n\n\n<ul class=\"wp-block-list\">\n<li>13 16.00 Gr\u00f6t och gl\u00f6gg f\u00f6r styrelse och medlemmar<\/li>\n<\/ul>\n\n\n\n<p><strong>Studiecirklar<\/strong><\/p>\n\n\n\n<ul class=\"wp-block-list\">\n<li>G\u00e5rds- och By-forskning<\/li>\n\n\n\n<li>Sl\u00e4ktforskning<\/li>\n\n\n\n<li>S\u00e4ker Hembygdsg\u00e5rd (hembygdsf\u00f6rs\u00e4kringen)<\/li>\n\n\n\n<li><strong>\u00d6vrigt<\/strong><\/li>\n\n\n\n<li>Registrering \/ Arkivering av f\u00f6reningens materiel. Sk\u00f6tsel av gr\u00f6nytor och rabatter vid hembygdsg\u00e5rden.<\/li>\n<\/ul>\n\n\n\n<p><\/p>\n","protected":false},"excerpt":{"rendered":"<p>\u00c5rsm\u00f6te Helgums Hembygdsf\u00f6rening Verksamhetsplan f\u00f6r Helgums &nbsp;&nbsp;&nbsp;Hembygdsf\u00f6rening 2026 Hembygdsr\u00f6relsens grundsyn Hembygdsr\u00f6relsen \u00e4r en del av det levande samh\u00e4llet. Den skapar broar mellan det f\u00f6rg\u00e5ngna, nutiden och framtiden. Hembygdsr\u00f6relsen har ett&hellip;&nbsp;<a href=\"https:\/\/helgum.se\/?page_id=101\" rel=\"bookmark\"><span class=\"screen-reader-text\">Hembygdsf\u00f6reningen<\/span><\/a><\/p>\n","protected":false},"author":5,"featured_media":0,"parent":0,"menu_order":0,"comment_status":"closed","ping_status":"closed","template":"","meta":{"neve_meta_sidebar":"","neve_meta_container":"","neve_meta_enable_content_width":"","neve_meta_content_width":0,"neve_meta_title_alignment":"","neve_meta_author_avatar":"","neve_post_elements_order":"","neve_meta_disable_header":"","neve_meta_disable_footer":"","neve_meta_disable_title":"","footnotes":""},"class_list":["post-101","page","type-page","status-publish","hentry"],"yoast_head":"<!-- This site is optimized with the Yoast SEO plugin v27.5 - https:\/\/yoast.com\/product\/yoast-seo-wordpress\/ -->\n<title>Hembygdsf\u00f6reningen - Helgum.se<\/title>\n<meta name=\"robots\" content=\"noindex, follow, max-snippet:-1, max-image-preview:large, max-video-preview:-1\" \/>\n<meta property=\"og:locale\" content=\"sv_SE\" \/>\n<meta property=\"og:type\" content=\"article\" \/>\n<meta property=\"og:title\" content=\"Hembygdsf\u00f6reningen - Helgum.se\" \/>\n<meta property=\"og:description\" content=\"\u00c5rsm\u00f6te Helgums Hembygdsf\u00f6rening Verksamhetsplan f\u00f6r Helgums &nbsp;&nbsp;&nbsp;Hembygdsf\u00f6rening 2026 Hembygdsr\u00f6relsens grundsyn Hembygdsr\u00f6relsen \u00e4r en del av det levande samh\u00e4llet. Den skapar broar mellan det f\u00f6rg\u00e5ngna, nutiden och framtiden. Hembygdsr\u00f6relsen har ett&hellip;&nbsp;Hembygdsf\u00f6reningen\" \/>\n<meta property=\"og:url\" content=\"https:\/\/helgum.se\/?page_id=101\" \/>\n<meta property=\"og:site_name\" content=\"Helgum.se\" \/>\n<meta property=\"article:modified_time\" content=\"2026-03-22T18:11:59+00:00\" \/>\n<meta property=\"og:image\" content=\"https:\/\/helgum.se\/wp-content\/uploads\/2026\/03\/hem_800.jpg\" \/>\n\t<meta property=\"og:image:width\" content=\"800\" \/>\n\t<meta property=\"og:image:height\" content=\"533\" \/>\n\t<meta property=\"og:image:type\" content=\"image\/jpeg\" \/>\n<meta name=\"twitter:card\" content=\"summary_large_image\" \/>\n<meta name=\"twitter:label1\" content=\"Ber\u00e4knad l\u00e4stid\" \/>\n\t<meta name=\"twitter:data1\" content=\"3 minuter\" \/>\n<script type=\"application\/ld+json\" class=\"yoast-schema-graph\">{\"@context\":\"https:\\\/\\\/schema.org\",\"@graph\":[{\"@type\":\"WebPage\",\"@id\":\"https:\\\/\\\/helgum.se\\\/?page_id=101\",\"url\":\"https:\\\/\\\/helgum.se\\\/?page_id=101\",\"name\":\"Hembygdsf\u00f6reningen - Helgum.se\",\"isPartOf\":{\"@id\":\"https:\\\/\\\/helgum.se\\\/#website\"},\"primaryImageOfPage\":{\"@id\":\"https:\\\/\\\/helgum.se\\\/?page_id=101#primaryimage\"},\"image\":{\"@id\":\"https:\\\/\\\/helgum.se\\\/?page_id=101#primaryimage\"},\"thumbnailUrl\":\"https:\\\/\\\/helgum.se\\\/wp-content\\\/uploads\\\/2026\\\/03\\\/hem_800.jpg\",\"datePublished\":\"2025-05-18T16:21:42+00:00\",\"dateModified\":\"2026-03-22T18:11:59+00:00\",\"breadcrumb\":{\"@id\":\"https:\\\/\\\/helgum.se\\\/?page_id=101#breadcrumb\"},\"inLanguage\":\"sv-SE\",\"potentialAction\":[{\"@type\":\"ReadAction\",\"target\":[\"https:\\\/\\\/helgum.se\\\/?page_id=101\"]}]},{\"@type\":\"ImageObject\",\"inLanguage\":\"sv-SE\",\"@id\":\"https:\\\/\\\/helgum.se\\\/?page_id=101#primaryimage\",\"url\":\"https:\\\/\\\/helgum.se\\\/wp-content\\\/uploads\\\/2026\\\/03\\\/hem_800.jpg\",\"contentUrl\":\"https:\\\/\\\/helgum.se\\\/wp-content\\\/uploads\\\/2026\\\/03\\\/hem_800.jpg\",\"width\":800,\"height\":533},{\"@type\":\"BreadcrumbList\",\"@id\":\"https:\\\/\\\/helgum.se\\\/?page_id=101#breadcrumb\",\"itemListElement\":[{\"@type\":\"ListItem\",\"position\":1,\"name\":\"Hem\",\"item\":\"https:\\\/\\\/helgum.se\\\/\"},{\"@type\":\"ListItem\",\"position\":2,\"name\":\"Hembygdsf\u00f6reningen\"}]},{\"@type\":\"WebSite\",\"@id\":\"https:\\\/\\\/helgum.se\\\/#website\",\"url\":\"https:\\\/\\\/helgum.se\\\/\",\"name\":\"Helgum.se\",\"description\":\"\",\"potentialAction\":[{\"@type\":\"SearchAction\",\"target\":{\"@type\":\"EntryPoint\",\"urlTemplate\":\"https:\\\/\\\/helgum.se\\\/?s={search_term_string}\"},\"query-input\":{\"@type\":\"PropertyValueSpecification\",\"valueRequired\":true,\"valueName\":\"search_term_string\"}}],\"inLanguage\":\"sv-SE\"}]}<\/script>\n<!-- \/ Yoast SEO plugin. -->","yoast_head_json":{"title":"Hembygdsf\u00f6reningen - Helgum.se","robots":{"index":"noindex","follow":"follow","max-snippet":"max-snippet:-1","max-image-preview":"max-image-preview:large","max-video-preview":"max-video-preview:-1"},"og_locale":"sv_SE","og_type":"article","og_title":"Hembygdsf\u00f6reningen - Helgum.se","og_description":"\u00c5rsm\u00f6te Helgums Hembygdsf\u00f6rening Verksamhetsplan f\u00f6r Helgums &nbsp;&nbsp;&nbsp;Hembygdsf\u00f6rening 2026 Hembygdsr\u00f6relsens grundsyn Hembygdsr\u00f6relsen \u00e4r en del av det levande samh\u00e4llet. Den skapar broar mellan det f\u00f6rg\u00e5ngna, nutiden och framtiden. Hembygdsr\u00f6relsen har ett&hellip;&nbsp;Hembygdsf\u00f6reningen","og_url":"https:\/\/helgum.se\/?page_id=101","og_site_name":"Helgum.se","article_modified_time":"2026-03-22T18:11:59+00:00","og_image":[{"width":800,"height":533,"url":"https:\/\/helgum.se\/wp-content\/uploads\/2026\/03\/hem_800.jpg","type":"image\/jpeg"}],"twitter_card":"summary_large_image","twitter_misc":{"Ber\u00e4knad l\u00e4stid":"3 minuter"},"schema":{"@context":"https:\/\/schema.org","@graph":[{"@type":"WebPage","@id":"https:\/\/helgum.se\/?page_id=101","url":"https:\/\/helgum.se\/?page_id=101","name":"Hembygdsf\u00f6reningen - Helgum.se","isPartOf":{"@id":"https:\/\/helgum.se\/#website"},"primaryImageOfPage":{"@id":"https:\/\/helgum.se\/?page_id=101#primaryimage"},"image":{"@id":"https:\/\/helgum.se\/?page_id=101#primaryimage"},"thumbnailUrl":"https:\/\/helgum.se\/wp-content\/uploads\/2026\/03\/hem_800.jpg","datePublished":"2025-05-18T16:21:42+00:00","dateModified":"2026-03-22T18:11:59+00:00","breadcrumb":{"@id":"https:\/\/helgum.se\/?page_id=101#breadcrumb"},"inLanguage":"sv-SE","potentialAction":[{"@type":"ReadAction","target":["https:\/\/helgum.se\/?page_id=101"]}]},{"@type":"ImageObject","inLanguage":"sv-SE","@id":"https:\/\/helgum.se\/?page_id=101#primaryimage","url":"https:\/\/helgum.se\/wp-content\/uploads\/2026\/03\/hem_800.jpg","contentUrl":"https:\/\/helgum.se\/wp-content\/uploads\/2026\/03\/hem_800.jpg","width":800,"height":533},{"@type":"BreadcrumbList","@id":"https:\/\/helgum.se\/?page_id=101#breadcrumb","itemListElement":[{"@type":"ListItem","position":1,"name":"Hem","item":"https:\/\/helgum.se\/"},{"@type":"ListItem","position":2,"name":"Hembygdsf\u00f6reningen"}]},{"@type":"WebSite","@id":"https:\/\/helgum.se\/#website","url":"https:\/\/helgum.se\/","name":"Helgum.se","description":"","potentialAction":[{"@type":"SearchAction","target":{"@type":"EntryPoint","urlTemplate":"https:\/\/helgum.se\/?s={search_term_string}"},"query-input":{"@type":"PropertyValueSpecification","valueRequired":true,"valueName":"search_term_string"}}],"inLanguage":"sv-SE"}]}},"_links":{"self":[{"href":"https:\/\/helgum.se\/index.php?rest_route=\/wp\/v2\/pages\/101","targetHints":{"allow":["GET"]}}],"collection":[{"href":"https:\/\/helgum.se\/index.php?rest_route=\/wp\/v2\/pages"}],"about":[{"href":"https:\/\/helgum.se\/index.php?rest_route=\/wp\/v2\/types\/page"}],"author":[{"embeddable":true,"href":"https:\/\/helgum.se\/index.php?rest_route=\/wp\/v2\/users\/5"}],"replies":[{"embeddable":true,"href":"https:\/\/helgum.se\/index.php?rest_route=%2Fwp%2Fv2%2Fcomments&post=101"}],"version-history":[{"count":8,"href":"https:\/\/helgum.se\/index.php?rest_route=\/wp\/v2\/pages\/101\/revisions"}],"predecessor-version":[{"id":253,"href":"https:\/\/helgum.se\/index.php?rest_route=\/wp\/v2\/pages\/101\/revisions\/253"}],"wp:attachment":[{"href":"https:\/\/helgum.se\/index.php?rest_route=%2Fwp%2Fv2%2Fmedia&parent=101"}],"curies":[{"name":"wp","href":"https:\/\/api.w.org\/{rel}","templated":true}]}}