{"id":40,"date":"2025-05-18T13:17:32","date_gmt":"2025-05-18T13:17:32","guid":{"rendered":"https:\/\/helgum.se.helhost.se\/?page_id=40"},"modified":"2026-03-19T21:33:06","modified_gmt":"2026-03-19T20:33:06","slug":"fagelliv-fageltorn","status":"publish","type":"page","link":"https:\/\/helgum.se\/?page_id=40","title":{"rendered":"F\u00e5gelliv &amp; F\u00e5geltorn"},"content":{"rendered":"\n<p><strong>F\u00e5geltornet i R\u00e5dom<\/strong><\/p>\n\n\n\n<figure class=\"wp-block-image size-full\"><img loading=\"lazy\" decoding=\"async\" width=\"768\" height=\"1024\" src=\"https:\/\/helgum.se\/wp-content\/uploads\/2026\/03\/004_768x1024.jpg\" alt=\"\" class=\"wp-image-207\" srcset=\"https:\/\/helgum.se\/wp-content\/uploads\/2026\/03\/004_768x1024.jpg 768w, https:\/\/helgum.se\/wp-content\/uploads\/2026\/03\/004_768x1024-225x300.jpg 225w\" sizes=\"auto, (max-width: 768px) 100vw, 768px\" \/><\/figure>\n\n\n\n<p>F\u00e5gellivet i deltat pr\u00e4glas av andf\u00e5glarna. \u00c4ven doppingarna utg\u00f6r en vanlig syn i deltat.<\/p>\n\n\n\n<p>Vadarna representeras inte av n\u00e5got st\u00f6rre antal. Av vitf\u00e5gel syns mest skrattm\u00e5s men fiskm\u00e5s och fiskt\u00e4rna har \u00e4ven observerats.<\/p>\n\n\n\n<p>De enda rovf\u00e5glarna som noterats i deltat under inventeringen \u00e4r bl\u00e5 k\u00e4rrh\u00f6k, duvh\u00f6k, jorduggla och sparvh\u00f6k.<\/p>\n\n\n\n<p>L\u00e4s&nbsp; mera h\u00e4r:<\/p>\n\n\n\n<p>http:\/\/www.sofnet.org\/fagellokaler\/solleftea\/helgumssjons-delta\/<\/p>\n","protected":false},"excerpt":{"rendered":"<p>F\u00e5geltornet i R\u00e5dom F\u00e5gellivet i deltat pr\u00e4glas av andf\u00e5glarna. \u00c4ven doppingarna utg\u00f6r en vanlig syn i deltat. Vadarna representeras inte av n\u00e5got st\u00f6rre antal. Av vitf\u00e5gel syns mest skrattm\u00e5s men&hellip;&nbsp;<a href=\"https:\/\/helgum.se\/?page_id=40\" rel=\"bookmark\"><span class=\"screen-reader-text\">F\u00e5gelliv &amp; F\u00e5geltorn<\/span><\/a><\/p>\n","protected":false},"author":1,"featured_media":0,"parent":0,"menu_order":0,"comment_status":"closed","ping_status":"closed","template":"","meta":{"neve_meta_sidebar":"","neve_meta_container":"","neve_meta_enable_content_width":"","neve_meta_content_width":0,"neve_meta_title_alignment":"","neve_meta_author_avatar":"","neve_post_elements_order":"","neve_meta_disable_header":"","neve_meta_disable_footer":"","neve_meta_disable_title":"","footnotes":""},"class_list":["post-40","page","type-page","status-publish","hentry"],"yoast_head":"<!-- This site is optimized with the Yoast SEO plugin v27.5 - https:\/\/yoast.com\/product\/yoast-seo-wordpress\/ -->\n<title>F\u00e5gelliv &amp; F\u00e5geltorn - Helgum.se<\/title>\n<meta name=\"robots\" content=\"noindex, follow, max-snippet:-1, max-image-preview:large, max-video-preview:-1\" \/>\n<meta property=\"og:locale\" content=\"sv_SE\" \/>\n<meta property=\"og:type\" content=\"article\" \/>\n<meta property=\"og:title\" content=\"F\u00e5gelliv &amp; F\u00e5geltorn - Helgum.se\" \/>\n<meta property=\"og:description\" content=\"F\u00e5geltornet i R\u00e5dom F\u00e5gellivet i deltat pr\u00e4glas av andf\u00e5glarna. \u00c4ven doppingarna utg\u00f6r en vanlig syn i deltat. Vadarna representeras inte av n\u00e5got st\u00f6rre antal. Av vitf\u00e5gel syns mest skrattm\u00e5s men&hellip;&nbsp;F\u00e5gelliv &amp; F\u00e5geltorn\" \/>\n<meta property=\"og:url\" content=\"https:\/\/helgum.se\/?page_id=40\" \/>\n<meta property=\"og:site_name\" content=\"Helgum.se\" \/>\n<meta property=\"article:modified_time\" content=\"2026-03-19T20:33:06+00:00\" \/>\n<meta property=\"og:image\" content=\"https:\/\/helgum.se\/wp-content\/uploads\/2026\/03\/004_768x1024.jpg\" \/>\n\t<meta property=\"og:image:width\" content=\"768\" \/>\n\t<meta property=\"og:image:height\" content=\"1024\" \/>\n\t<meta property=\"og:image:type\" content=\"image\/jpeg\" \/>\n<meta name=\"twitter:card\" content=\"summary_large_image\" \/>\n<meta name=\"twitter:label1\" content=\"Ber\u00e4knad l\u00e4stid\" \/>\n\t<meta name=\"twitter:data1\" content=\"1 minut\" \/>\n<script type=\"application\/ld+json\" class=\"yoast-schema-graph\">{\"@context\":\"https:\\\/\\\/schema.org\",\"@graph\":[{\"@type\":\"WebPage\",\"@id\":\"https:\\\/\\\/helgum.se\\\/?page_id=40\",\"url\":\"https:\\\/\\\/helgum.se\\\/?page_id=40\",\"name\":\"F\u00e5gelliv &amp; F\u00e5geltorn - Helgum.se\",\"isPartOf\":{\"@id\":\"https:\\\/\\\/helgum.se\\\/#website\"},\"primaryImageOfPage\":{\"@id\":\"https:\\\/\\\/helgum.se\\\/?page_id=40#primaryimage\"},\"image\":{\"@id\":\"https:\\\/\\\/helgum.se\\\/?page_id=40#primaryimage\"},\"thumbnailUrl\":\"https:\\\/\\\/helgum.se\\\/wp-content\\\/uploads\\\/2026\\\/03\\\/004_768x1024.jpg\",\"datePublished\":\"2025-05-18T13:17:32+00:00\",\"dateModified\":\"2026-03-19T20:33:06+00:00\",\"breadcrumb\":{\"@id\":\"https:\\\/\\\/helgum.se\\\/?page_id=40#breadcrumb\"},\"inLanguage\":\"sv-SE\",\"potentialAction\":[{\"@type\":\"ReadAction\",\"target\":[\"https:\\\/\\\/helgum.se\\\/?page_id=40\"]}]},{\"@type\":\"ImageObject\",\"inLanguage\":\"sv-SE\",\"@id\":\"https:\\\/\\\/helgum.se\\\/?page_id=40#primaryimage\",\"url\":\"https:\\\/\\\/helgum.se\\\/wp-content\\\/uploads\\\/2026\\\/03\\\/004_768x1024.jpg\",\"contentUrl\":\"https:\\\/\\\/helgum.se\\\/wp-content\\\/uploads\\\/2026\\\/03\\\/004_768x1024.jpg\",\"width\":768,\"height\":1024},{\"@type\":\"BreadcrumbList\",\"@id\":\"https:\\\/\\\/helgum.se\\\/?page_id=40#breadcrumb\",\"itemListElement\":[{\"@type\":\"ListItem\",\"position\":1,\"name\":\"Hem\",\"item\":\"https:\\\/\\\/helgum.se\\\/\"},{\"@type\":\"ListItem\",\"position\":2,\"name\":\"F\u00e5gelliv &amp; F\u00e5geltorn\"}]},{\"@type\":\"WebSite\",\"@id\":\"https:\\\/\\\/helgum.se\\\/#website\",\"url\":\"https:\\\/\\\/helgum.se\\\/\",\"name\":\"Helgum.se\",\"description\":\"\",\"potentialAction\":[{\"@type\":\"SearchAction\",\"target\":{\"@type\":\"EntryPoint\",\"urlTemplate\":\"https:\\\/\\\/helgum.se\\\/?s={search_term_string}\"},\"query-input\":{\"@type\":\"PropertyValueSpecification\",\"valueRequired\":true,\"valueName\":\"search_term_string\"}}],\"inLanguage\":\"sv-SE\"}]}<\/script>\n<!-- \/ Yoast SEO plugin. -->","yoast_head_json":{"title":"F\u00e5gelliv &amp; F\u00e5geltorn - Helgum.se","robots":{"index":"noindex","follow":"follow","max-snippet":"max-snippet:-1","max-image-preview":"max-image-preview:large","max-video-preview":"max-video-preview:-1"},"og_locale":"sv_SE","og_type":"article","og_title":"F\u00e5gelliv &amp; F\u00e5geltorn - Helgum.se","og_description":"F\u00e5geltornet i R\u00e5dom F\u00e5gellivet i deltat pr\u00e4glas av andf\u00e5glarna. \u00c4ven doppingarna utg\u00f6r en vanlig syn i deltat. Vadarna representeras inte av n\u00e5got st\u00f6rre antal. Av vitf\u00e5gel syns mest skrattm\u00e5s men&hellip;&nbsp;F\u00e5gelliv &amp; F\u00e5geltorn","og_url":"https:\/\/helgum.se\/?page_id=40","og_site_name":"Helgum.se","article_modified_time":"2026-03-19T20:33:06+00:00","og_image":[{"width":768,"height":1024,"url":"https:\/\/helgum.se\/wp-content\/uploads\/2026\/03\/004_768x1024.jpg","type":"image\/jpeg"}],"twitter_card":"summary_large_image","twitter_misc":{"Ber\u00e4knad l\u00e4stid":"1 minut"},"schema":{"@context":"https:\/\/schema.org","@graph":[{"@type":"WebPage","@id":"https:\/\/helgum.se\/?page_id=40","url":"https:\/\/helgum.se\/?page_id=40","name":"F\u00e5gelliv &amp; F\u00e5geltorn - Helgum.se","isPartOf":{"@id":"https:\/\/helgum.se\/#website"},"primaryImageOfPage":{"@id":"https:\/\/helgum.se\/?page_id=40#primaryimage"},"image":{"@id":"https:\/\/helgum.se\/?page_id=40#primaryimage"},"thumbnailUrl":"https:\/\/helgum.se\/wp-content\/uploads\/2026\/03\/004_768x1024.jpg","datePublished":"2025-05-18T13:17:32+00:00","dateModified":"2026-03-19T20:33:06+00:00","breadcrumb":{"@id":"https:\/\/helgum.se\/?page_id=40#breadcrumb"},"inLanguage":"sv-SE","potentialAction":[{"@type":"ReadAction","target":["https:\/\/helgum.se\/?page_id=40"]}]},{"@type":"ImageObject","inLanguage":"sv-SE","@id":"https:\/\/helgum.se\/?page_id=40#primaryimage","url":"https:\/\/helgum.se\/wp-content\/uploads\/2026\/03\/004_768x1024.jpg","contentUrl":"https:\/\/helgum.se\/wp-content\/uploads\/2026\/03\/004_768x1024.jpg","width":768,"height":1024},{"@type":"BreadcrumbList","@id":"https:\/\/helgum.se\/?page_id=40#breadcrumb","itemListElement":[{"@type":"ListItem","position":1,"name":"Hem","item":"https:\/\/helgum.se\/"},{"@type":"ListItem","position":2,"name":"F\u00e5gelliv &amp; F\u00e5geltorn"}]},{"@type":"WebSite","@id":"https:\/\/helgum.se\/#website","url":"https:\/\/helgum.se\/","name":"Helgum.se","description":"","potentialAction":[{"@type":"SearchAction","target":{"@type":"EntryPoint","urlTemplate":"https:\/\/helgum.se\/?s={search_term_string}"},"query-input":{"@type":"PropertyValueSpecification","valueRequired":true,"valueName":"search_term_string"}}],"inLanguage":"sv-SE"}]}},"_links":{"self":[{"href":"https:\/\/helgum.se\/index.php?rest_route=\/wp\/v2\/pages\/40","targetHints":{"allow":["GET"]}}],"collection":[{"href":"https:\/\/helgum.se\/index.php?rest_route=\/wp\/v2\/pages"}],"about":[{"href":"https:\/\/helgum.se\/index.php?rest_route=\/wp\/v2\/types\/page"}],"author":[{"embeddable":true,"href":"https:\/\/helgum.se\/index.php?rest_route=\/wp\/v2\/users\/1"}],"replies":[{"embeddable":true,"href":"https:\/\/helgum.se\/index.php?rest_route=%2Fwp%2Fv2%2Fcomments&post=40"}],"version-history":[{"count":3,"href":"https:\/\/helgum.se\/index.php?rest_route=\/wp\/v2\/pages\/40\/revisions"}],"predecessor-version":[{"id":208,"href":"https:\/\/helgum.se\/index.php?rest_route=\/wp\/v2\/pages\/40\/revisions\/208"}],"wp:attachment":[{"href":"https:\/\/helgum.se\/index.php?rest_route=%2Fwp%2Fv2%2Fmedia&parent=40"}],"curies":[{"name":"wp","href":"https:\/\/api.w.org\/{rel}","templated":true}]}}