{"id":46,"date":"2025-05-18T13:18:27","date_gmt":"2025-05-18T13:18:27","guid":{"rendered":"https:\/\/helgum.se.helhost.se\/?page_id=46"},"modified":"2026-03-19T21:28:28","modified_gmt":"2026-03-19T20:28:28","slug":"helgumsdeltat","status":"publish","type":"page","link":"https:\/\/helgum.se\/?page_id=46","title":{"rendered":"Helgumsdeltat"},"content":{"rendered":"\n<p>Flygfoto \u00f6ver Deltat Thommy Edlund<\/p>\n\n\n\n<figure class=\"wp-block-image size-full\"><img loading=\"lazy\" decoding=\"async\" width=\"640\" height=\"480\" src=\"https:\/\/helgum.se\/wp-content\/uploads\/2026\/03\/013_640x480.jpg\" alt=\"\" class=\"wp-image-198\" srcset=\"https:\/\/helgum.se\/wp-content\/uploads\/2026\/03\/013_640x480.jpg 640w, https:\/\/helgum.se\/wp-content\/uploads\/2026\/03\/013_640x480-300x225.jpg 300w\" sizes=\"auto, (max-width: 640px) 100vw, 640px\" \/><\/figure>\n\n\n\n<p>Foto EMW, taget fr\u00e5n Mo by.<\/p>\n\n\n\n<figure class=\"wp-block-image size-large\"><img loading=\"lazy\" decoding=\"async\" width=\"1024\" height=\"433\" src=\"https:\/\/helgum.se\/wp-content\/uploads\/2026\/03\/P1030720_redigerad-1-1024x433.jpg\" alt=\"\" class=\"wp-image-199\" srcset=\"https:\/\/helgum.se\/wp-content\/uploads\/2026\/03\/P1030720_redigerad-1-1024x433.jpg 1024w, https:\/\/helgum.se\/wp-content\/uploads\/2026\/03\/P1030720_redigerad-1-300x127.jpg 300w, https:\/\/helgum.se\/wp-content\/uploads\/2026\/03\/P1030720_redigerad-1-768x325.jpg 768w, https:\/\/helgum.se\/wp-content\/uploads\/2026\/03\/P1030720_redigerad-1-1536x649.jpg 1536w, https:\/\/helgum.se\/wp-content\/uploads\/2026\/03\/P1030720_redigerad-1-2048x866.jpg 2048w\" sizes=\"auto, (max-width: 1024px) 100vw, 1024px\" \/><\/figure>\n\n\n\n<p>Fotot taget fr\u00e5n V\u00e4stby av Birgitta Strid<\/p>\n\n\n\n<p>Deltat var tidigare en del av den \u00f6ppna jordbruksbygden vid Helgumssj\u00f6n och anv\u00e4ndes f\u00f6r sl\u00e5tter och bete. Efter andra v\u00e4rldskriget upph\u00f6rde sl\u00e5ttern och stora partier av deltat har&nbsp;vuxit igen med l\u00f6vskog.<\/p>\n\n\n\n<p>V\u00e5tmarker av denna typ som finns i Helgumssj\u00f6ns delta, r\u00e4knas som en av de allra mest h\u00f6gproducerande naturliga biotoper&nbsp; som finns i landet.<\/p>\n\n\n\n<p>Deltats st\u00f6rsta botaniska v\u00e4rlden ligger inte s\u00e5 mycket i f\u00f6rekomsten av enskilda arter, utan i arternas sammans\u00e4ttning i st\u00f6rre enheter, d v s biotoperna. Sett i ett vidare perspektiv&nbsp; \u00e4r deltat som naturmilj\u00f6 unikt f\u00f6r l\u00e4net och ytterst s\u00e4llsynt i landet<\/p>\n\n\n\n<p>L\u00e4s mera h\u00e4r:&nbsp;<\/p>\n\n\n\n<p><\/p>\n","protected":false},"excerpt":{"rendered":"<p>Flygfoto \u00f6ver Deltat Thommy Edlund Foto EMW, taget fr\u00e5n Mo by. Fotot taget fr\u00e5n V\u00e4stby av Birgitta Strid Deltat var tidigare en del av den \u00f6ppna jordbruksbygden vid Helgumssj\u00f6n och&hellip;&nbsp;<a href=\"https:\/\/helgum.se\/?page_id=46\" rel=\"bookmark\"><span class=\"screen-reader-text\">Helgumsdeltat<\/span><\/a><\/p>\n","protected":false},"author":1,"featured_media":0,"parent":0,"menu_order":0,"comment_status":"closed","ping_status":"closed","template":"","meta":{"neve_meta_sidebar":"","neve_meta_container":"","neve_meta_enable_content_width":"","neve_meta_content_width":0,"neve_meta_title_alignment":"","neve_meta_author_avatar":"","neve_post_elements_order":"","neve_meta_disable_header":"","neve_meta_disable_footer":"","neve_meta_disable_title":"","footnotes":""},"class_list":["post-46","page","type-page","status-publish","hentry"],"yoast_head":"<!-- This site is optimized with the Yoast SEO plugin v27.5 - https:\/\/yoast.com\/product\/yoast-seo-wordpress\/ -->\n<title>Helgumsdeltat - Helgum.se<\/title>\n<meta name=\"robots\" content=\"noindex, follow, max-snippet:-1, max-image-preview:large, max-video-preview:-1\" \/>\n<meta property=\"og:locale\" content=\"sv_SE\" \/>\n<meta property=\"og:type\" content=\"article\" \/>\n<meta property=\"og:title\" content=\"Helgumsdeltat - Helgum.se\" \/>\n<meta property=\"og:description\" content=\"Flygfoto \u00f6ver Deltat Thommy Edlund Foto EMW, taget fr\u00e5n Mo by. Fotot taget fr\u00e5n V\u00e4stby av Birgitta Strid Deltat var tidigare en del av den \u00f6ppna jordbruksbygden vid Helgumssj\u00f6n och&hellip;&nbsp;Helgumsdeltat\" \/>\n<meta property=\"og:url\" content=\"https:\/\/helgum.se\/?page_id=46\" \/>\n<meta property=\"og:site_name\" content=\"Helgum.se\" \/>\n<meta property=\"article:modified_time\" content=\"2026-03-19T20:28:28+00:00\" \/>\n<meta property=\"og:image\" content=\"https:\/\/helgum.se\/wp-content\/uploads\/2026\/03\/013_640x480.jpg\" \/>\n\t<meta property=\"og:image:width\" content=\"640\" \/>\n\t<meta property=\"og:image:height\" content=\"480\" \/>\n\t<meta property=\"og:image:type\" content=\"image\/jpeg\" \/>\n<meta name=\"twitter:card\" content=\"summary_large_image\" \/>\n<meta name=\"twitter:label1\" content=\"Ber\u00e4knad l\u00e4stid\" \/>\n\t<meta name=\"twitter:data1\" content=\"1 minut\" \/>\n<script type=\"application\/ld+json\" class=\"yoast-schema-graph\">{\"@context\":\"https:\\\/\\\/schema.org\",\"@graph\":[{\"@type\":\"WebPage\",\"@id\":\"https:\\\/\\\/helgum.se\\\/?page_id=46\",\"url\":\"https:\\\/\\\/helgum.se\\\/?page_id=46\",\"name\":\"Helgumsdeltat - Helgum.se\",\"isPartOf\":{\"@id\":\"https:\\\/\\\/helgum.se\\\/#website\"},\"primaryImageOfPage\":{\"@id\":\"https:\\\/\\\/helgum.se\\\/?page_id=46#primaryimage\"},\"image\":{\"@id\":\"https:\\\/\\\/helgum.se\\\/?page_id=46#primaryimage\"},\"thumbnailUrl\":\"https:\\\/\\\/helgum.se\\\/wp-content\\\/uploads\\\/2026\\\/03\\\/013_640x480.jpg\",\"datePublished\":\"2025-05-18T13:18:27+00:00\",\"dateModified\":\"2026-03-19T20:28:28+00:00\",\"breadcrumb\":{\"@id\":\"https:\\\/\\\/helgum.se\\\/?page_id=46#breadcrumb\"},\"inLanguage\":\"sv-SE\",\"potentialAction\":[{\"@type\":\"ReadAction\",\"target\":[\"https:\\\/\\\/helgum.se\\\/?page_id=46\"]}]},{\"@type\":\"ImageObject\",\"inLanguage\":\"sv-SE\",\"@id\":\"https:\\\/\\\/helgum.se\\\/?page_id=46#primaryimage\",\"url\":\"https:\\\/\\\/helgum.se\\\/wp-content\\\/uploads\\\/2026\\\/03\\\/013_640x480.jpg\",\"contentUrl\":\"https:\\\/\\\/helgum.se\\\/wp-content\\\/uploads\\\/2026\\\/03\\\/013_640x480.jpg\",\"width\":640,\"height\":480},{\"@type\":\"BreadcrumbList\",\"@id\":\"https:\\\/\\\/helgum.se\\\/?page_id=46#breadcrumb\",\"itemListElement\":[{\"@type\":\"ListItem\",\"position\":1,\"name\":\"Hem\",\"item\":\"https:\\\/\\\/helgum.se\\\/\"},{\"@type\":\"ListItem\",\"position\":2,\"name\":\"Helgumsdeltat\"}]},{\"@type\":\"WebSite\",\"@id\":\"https:\\\/\\\/helgum.se\\\/#website\",\"url\":\"https:\\\/\\\/helgum.se\\\/\",\"name\":\"Helgum.se\",\"description\":\"\",\"potentialAction\":[{\"@type\":\"SearchAction\",\"target\":{\"@type\":\"EntryPoint\",\"urlTemplate\":\"https:\\\/\\\/helgum.se\\\/?s={search_term_string}\"},\"query-input\":{\"@type\":\"PropertyValueSpecification\",\"valueRequired\":true,\"valueName\":\"search_term_string\"}}],\"inLanguage\":\"sv-SE\"}]}<\/script>\n<!-- \/ Yoast SEO plugin. -->","yoast_head_json":{"title":"Helgumsdeltat - Helgum.se","robots":{"index":"noindex","follow":"follow","max-snippet":"max-snippet:-1","max-image-preview":"max-image-preview:large","max-video-preview":"max-video-preview:-1"},"og_locale":"sv_SE","og_type":"article","og_title":"Helgumsdeltat - Helgum.se","og_description":"Flygfoto \u00f6ver Deltat Thommy Edlund Foto EMW, taget fr\u00e5n Mo by. Fotot taget fr\u00e5n V\u00e4stby av Birgitta Strid Deltat var tidigare en del av den \u00f6ppna jordbruksbygden vid Helgumssj\u00f6n och&hellip;&nbsp;Helgumsdeltat","og_url":"https:\/\/helgum.se\/?page_id=46","og_site_name":"Helgum.se","article_modified_time":"2026-03-19T20:28:28+00:00","og_image":[{"width":640,"height":480,"url":"https:\/\/helgum.se\/wp-content\/uploads\/2026\/03\/013_640x480.jpg","type":"image\/jpeg"}],"twitter_card":"summary_large_image","twitter_misc":{"Ber\u00e4knad l\u00e4stid":"1 minut"},"schema":{"@context":"https:\/\/schema.org","@graph":[{"@type":"WebPage","@id":"https:\/\/helgum.se\/?page_id=46","url":"https:\/\/helgum.se\/?page_id=46","name":"Helgumsdeltat - Helgum.se","isPartOf":{"@id":"https:\/\/helgum.se\/#website"},"primaryImageOfPage":{"@id":"https:\/\/helgum.se\/?page_id=46#primaryimage"},"image":{"@id":"https:\/\/helgum.se\/?page_id=46#primaryimage"},"thumbnailUrl":"https:\/\/helgum.se\/wp-content\/uploads\/2026\/03\/013_640x480.jpg","datePublished":"2025-05-18T13:18:27+00:00","dateModified":"2026-03-19T20:28:28+00:00","breadcrumb":{"@id":"https:\/\/helgum.se\/?page_id=46#breadcrumb"},"inLanguage":"sv-SE","potentialAction":[{"@type":"ReadAction","target":["https:\/\/helgum.se\/?page_id=46"]}]},{"@type":"ImageObject","inLanguage":"sv-SE","@id":"https:\/\/helgum.se\/?page_id=46#primaryimage","url":"https:\/\/helgum.se\/wp-content\/uploads\/2026\/03\/013_640x480.jpg","contentUrl":"https:\/\/helgum.se\/wp-content\/uploads\/2026\/03\/013_640x480.jpg","width":640,"height":480},{"@type":"BreadcrumbList","@id":"https:\/\/helgum.se\/?page_id=46#breadcrumb","itemListElement":[{"@type":"ListItem","position":1,"name":"Hem","item":"https:\/\/helgum.se\/"},{"@type":"ListItem","position":2,"name":"Helgumsdeltat"}]},{"@type":"WebSite","@id":"https:\/\/helgum.se\/#website","url":"https:\/\/helgum.se\/","name":"Helgum.se","description":"","potentialAction":[{"@type":"SearchAction","target":{"@type":"EntryPoint","urlTemplate":"https:\/\/helgum.se\/?s={search_term_string}"},"query-input":{"@type":"PropertyValueSpecification","valueRequired":true,"valueName":"search_term_string"}}],"inLanguage":"sv-SE"}]}},"_links":{"self":[{"href":"https:\/\/helgum.se\/index.php?rest_route=\/wp\/v2\/pages\/46","targetHints":{"allow":["GET"]}}],"collection":[{"href":"https:\/\/helgum.se\/index.php?rest_route=\/wp\/v2\/pages"}],"about":[{"href":"https:\/\/helgum.se\/index.php?rest_route=\/wp\/v2\/types\/page"}],"author":[{"embeddable":true,"href":"https:\/\/helgum.se\/index.php?rest_route=\/wp\/v2\/users\/1"}],"replies":[{"embeddable":true,"href":"https:\/\/helgum.se\/index.php?rest_route=%2Fwp%2Fv2%2Fcomments&post=46"}],"version-history":[{"count":3,"href":"https:\/\/helgum.se\/index.php?rest_route=\/wp\/v2\/pages\/46\/revisions"}],"predecessor-version":[{"id":200,"href":"https:\/\/helgum.se\/index.php?rest_route=\/wp\/v2\/pages\/46\/revisions\/200"}],"wp:attachment":[{"href":"https:\/\/helgum.se\/index.php?rest_route=%2Fwp%2Fv2%2Fmedia&parent=46"}],"curies":[{"name":"wp","href":"https:\/\/api.w.org\/{rel}","templated":true}]}}