{"id":48,"date":"2025-05-18T13:18:44","date_gmt":"2025-05-18T13:18:44","guid":{"rendered":"https:\/\/helgum.se.helhost.se\/?page_id=48"},"modified":"2026-03-30T18:30:10","modified_gmt":"2026-03-30T17:30:10","slug":"hh64","status":"publish","type":"page","link":"https:\/\/helgum.se\/?page_id=48","title":{"rendered":"HH64"},"content":{"rendered":"\n<h3 class=\"wp-block-heading\">V\u00e4lkommen till HH 64<\/h3>\n\n\n\n<p>Idrottsf\u00f6reningen bildades 1964 efter en sammanslagning av Helgums IF och Holmstrands SK.<br>F\u00f6reningens klubblokal och Helgums IP ligger i Helgum s\u00f6der om j\u00e4rnv\u00e4gen ca 500 m fr\u00e5n Hedstr\u00f6ms \u00c5keri p\u00e5 v\u00e4gen mot kyrkan.<br>I anslutning till klubblokalen finns:<br>&#8211; Fyra fotbollsplaner. 3 st gr\u00e4splaner varav en f\u00f6r 11-mannalag.<br>&#8211; 4 st Boulbanor.<br>&#8211; Elljussp\u00e5r 1,8 respektive 2,7 km slingor (g\u00e5ng, l\u00f6pning och skid\u00e5kning).<br>&#8211; Multirink med isbana vintertid.<br>&#8211; Gymnastiksal med omkl\u00e4dningsrum, dusch och bastu.<\/p>\n\n\n\n<p>Tider i gymnastiksalen bokas via kommunen, Eva Johansson 0620-682000 (vxl).<\/p>\n\n\n\n<p>Klubblokalens adress \u00e4r Idrottsv\u00e4gen 4, 88293 Helgum.\u00a0<\/p>\n\n\n\n<p>Lokalen rymmer ca 40 personer inomhus samt 40 personer utomhus (ej inbyggd altan)<br>Den finns ett k\u00f6k och en toalett.<br>Klubbstugan kan hyras av f\u00f6reningar f\u00f6r m\u00f6ten mm.<\/p>\n\n\n\n<p><a href=\"https:\/\/www.svenskalag.se\/holmstrand-helgums-sk\">Hemsidan<\/a><\/p>\n\n\n\n<p><\/p>\n","protected":false},"excerpt":{"rendered":"<p>V\u00e4lkommen till HH 64 Idrottsf\u00f6reningen bildades 1964 efter en sammanslagning av Helgums IF och Holmstrands SK.F\u00f6reningens klubblokal och Helgums IP ligger i Helgum s\u00f6der om j\u00e4rnv\u00e4gen ca 500 m fr\u00e5n&hellip;&nbsp;<a href=\"https:\/\/helgum.se\/?page_id=48\" rel=\"bookmark\"><span class=\"screen-reader-text\">HH64<\/span><\/a><\/p>\n","protected":false},"author":6,"featured_media":0,"parent":0,"menu_order":0,"comment_status":"closed","ping_status":"closed","template":"","meta":{"neve_meta_sidebar":"","neve_meta_container":"","neve_meta_enable_content_width":"","neve_meta_content_width":0,"neve_meta_title_alignment":"","neve_meta_author_avatar":"","neve_post_elements_order":"","neve_meta_disable_header":"","neve_meta_disable_footer":"","neve_meta_disable_title":"","footnotes":""},"class_list":["post-48","page","type-page","status-publish","hentry"],"yoast_head":"<!-- This site is optimized with the Yoast SEO plugin v27.6 - https:\/\/yoast.com\/product\/yoast-seo-wordpress\/ -->\n<title>HH64 - Helgum.se<\/title>\n<meta name=\"robots\" content=\"noindex, follow, max-snippet:-1, max-image-preview:large, max-video-preview:-1\" \/>\n<meta property=\"og:locale\" content=\"sv_SE\" \/>\n<meta property=\"og:type\" content=\"article\" \/>\n<meta property=\"og:title\" content=\"HH64 - Helgum.se\" \/>\n<meta property=\"og:description\" content=\"V\u00e4lkommen till HH 64 Idrottsf\u00f6reningen bildades 1964 efter en sammanslagning av Helgums IF och Holmstrands SK.F\u00f6reningens klubblokal och Helgums IP ligger i Helgum s\u00f6der om j\u00e4rnv\u00e4gen ca 500 m fr\u00e5n&hellip;&nbsp;HH64\" \/>\n<meta property=\"og:url\" content=\"https:\/\/helgum.se\/?page_id=48\" \/>\n<meta property=\"og:site_name\" content=\"Helgum.se\" \/>\n<meta property=\"article:modified_time\" content=\"2026-03-30T17:30:10+00:00\" \/>\n<meta name=\"twitter:card\" content=\"summary_large_image\" \/>\n<meta name=\"twitter:label1\" content=\"Ber\u00e4knad l\u00e4stid\" \/>\n\t<meta name=\"twitter:data1\" content=\"1 minut\" \/>\n<script type=\"application\/ld+json\" class=\"yoast-schema-graph\">{\"@context\":\"https:\\\/\\\/schema.org\",\"@graph\":[{\"@type\":\"WebPage\",\"@id\":\"https:\\\/\\\/helgum.se\\\/?page_id=48\",\"url\":\"https:\\\/\\\/helgum.se\\\/?page_id=48\",\"name\":\"HH64 - Helgum.se\",\"isPartOf\":{\"@id\":\"https:\\\/\\\/helgum.se\\\/#website\"},\"datePublished\":\"2025-05-18T13:18:44+00:00\",\"dateModified\":\"2026-03-30T17:30:10+00:00\",\"breadcrumb\":{\"@id\":\"https:\\\/\\\/helgum.se\\\/?page_id=48#breadcrumb\"},\"inLanguage\":\"sv-SE\",\"potentialAction\":[{\"@type\":\"ReadAction\",\"target\":[\"https:\\\/\\\/helgum.se\\\/?page_id=48\"]}]},{\"@type\":\"BreadcrumbList\",\"@id\":\"https:\\\/\\\/helgum.se\\\/?page_id=48#breadcrumb\",\"itemListElement\":[{\"@type\":\"ListItem\",\"position\":1,\"name\":\"Hem\",\"item\":\"https:\\\/\\\/helgum.se\\\/\"},{\"@type\":\"ListItem\",\"position\":2,\"name\":\"HH64\"}]},{\"@type\":\"WebSite\",\"@id\":\"https:\\\/\\\/helgum.se\\\/#website\",\"url\":\"https:\\\/\\\/helgum.se\\\/\",\"name\":\"Helgum.se\",\"description\":\"\",\"potentialAction\":[{\"@type\":\"SearchAction\",\"target\":{\"@type\":\"EntryPoint\",\"urlTemplate\":\"https:\\\/\\\/helgum.se\\\/?s={search_term_string}\"},\"query-input\":{\"@type\":\"PropertyValueSpecification\",\"valueRequired\":true,\"valueName\":\"search_term_string\"}}],\"inLanguage\":\"sv-SE\"}]}<\/script>\n<!-- \/ Yoast SEO plugin. -->","yoast_head_json":{"title":"HH64 - Helgum.se","robots":{"index":"noindex","follow":"follow","max-snippet":"max-snippet:-1","max-image-preview":"max-image-preview:large","max-video-preview":"max-video-preview:-1"},"og_locale":"sv_SE","og_type":"article","og_title":"HH64 - Helgum.se","og_description":"V\u00e4lkommen till HH 64 Idrottsf\u00f6reningen bildades 1964 efter en sammanslagning av Helgums IF och Holmstrands SK.F\u00f6reningens klubblokal och Helgums IP ligger i Helgum s\u00f6der om j\u00e4rnv\u00e4gen ca 500 m fr\u00e5n&hellip;&nbsp;HH64","og_url":"https:\/\/helgum.se\/?page_id=48","og_site_name":"Helgum.se","article_modified_time":"2026-03-30T17:30:10+00:00","twitter_card":"summary_large_image","twitter_misc":{"Ber\u00e4knad l\u00e4stid":"1 minut"},"schema":{"@context":"https:\/\/schema.org","@graph":[{"@type":"WebPage","@id":"https:\/\/helgum.se\/?page_id=48","url":"https:\/\/helgum.se\/?page_id=48","name":"HH64 - Helgum.se","isPartOf":{"@id":"https:\/\/helgum.se\/#website"},"datePublished":"2025-05-18T13:18:44+00:00","dateModified":"2026-03-30T17:30:10+00:00","breadcrumb":{"@id":"https:\/\/helgum.se\/?page_id=48#breadcrumb"},"inLanguage":"sv-SE","potentialAction":[{"@type":"ReadAction","target":["https:\/\/helgum.se\/?page_id=48"]}]},{"@type":"BreadcrumbList","@id":"https:\/\/helgum.se\/?page_id=48#breadcrumb","itemListElement":[{"@type":"ListItem","position":1,"name":"Hem","item":"https:\/\/helgum.se\/"},{"@type":"ListItem","position":2,"name":"HH64"}]},{"@type":"WebSite","@id":"https:\/\/helgum.se\/#website","url":"https:\/\/helgum.se\/","name":"Helgum.se","description":"","potentialAction":[{"@type":"SearchAction","target":{"@type":"EntryPoint","urlTemplate":"https:\/\/helgum.se\/?s={search_term_string}"},"query-input":{"@type":"PropertyValueSpecification","valueRequired":true,"valueName":"search_term_string"}}],"inLanguage":"sv-SE"}]}},"_links":{"self":[{"href":"https:\/\/helgum.se\/index.php?rest_route=\/wp\/v2\/pages\/48","targetHints":{"allow":["GET"]}}],"collection":[{"href":"https:\/\/helgum.se\/index.php?rest_route=\/wp\/v2\/pages"}],"about":[{"href":"https:\/\/helgum.se\/index.php?rest_route=\/wp\/v2\/types\/page"}],"author":[{"embeddable":true,"href":"https:\/\/helgum.se\/index.php?rest_route=\/wp\/v2\/users\/6"}],"replies":[{"embeddable":true,"href":"https:\/\/helgum.se\/index.php?rest_route=%2Fwp%2Fv2%2Fcomments&post=48"}],"version-history":[{"count":6,"href":"https:\/\/helgum.se\/index.php?rest_route=\/wp\/v2\/pages\/48\/revisions"}],"predecessor-version":[{"id":263,"href":"https:\/\/helgum.se\/index.php?rest_route=\/wp\/v2\/pages\/48\/revisions\/263"}],"wp:attachment":[{"href":"https:\/\/helgum.se\/index.php?rest_route=%2Fwp%2Fv2%2Fmedia&parent=48"}],"curies":[{"name":"wp","href":"https:\/\/api.w.org\/{rel}","templated":true}]}}