{"id":50,"date":"2025-05-18T13:18:54","date_gmt":"2025-05-18T13:18:54","guid":{"rendered":"https:\/\/helgum.se.helhost.se\/?page_id=50"},"modified":"2026-04-23T18:08:17","modified_gmt":"2026-04-23T17:08:17","slug":"byalaget","status":"publish","type":"page","link":"https:\/\/helgum.se\/?page_id=50","title":{"rendered":"Byalaget"},"content":{"rendered":"\n<p>Byalagets uppgift \u00e4r att v\u00e4rna om och utveckla bygdens n\u00e4ringsliv, kultur och milj\u00f6.<br>Detta ska \u00e5stadkommas genom att:<br>&#8211; stimulera till initiativ som gagnar bygden och dess utveckling, t.ex. sm\u00e5f\u00f6retagande, turism och positiv befolkningsutveckling<br>&#8211; aktivt medverka till v\u00e5rd och bevarande av bygdens natur och kultur samt milj\u00f6 i samh\u00e4llsplanering<br>&#8211; samarbeta med kommunala och andra organ samt med f\u00f6reningar och f\u00f6retag<br>&#8211; samverka med \u00f6vriga byalag i kommunen i gemensamma fr\u00e5gor<br>&#8211; bidra till samverkan mellan f\u00f6reningar i bygden<br>F\u00f6reningen \u00e4r politiskt och religi\u00f6st oberoende.<br>Alla som \u00e4r folkbokf\u00f6rda i Helgum \u00e4r per automatik medlem i f\u00f6reningen och medlemskap \u00e4r gratis. Vem som helst som har ett intresse av Helgum kan ans\u00f6ka om medlemskap.<\/p>\n\n\n\n<p>Sedan \u00e5rsm\u00f6tet den 30 mars 2026 best\u00e5r Byalagets styrelse av f\u00f6ljande personer:<br>Eva Pettersson &#8211; Ordf\u00f6rande<br>Niklas Nylander &#8211; Kass\u00f6r<br>Elisabeth Nylander &#8211; Sekreterare<br>Linda \u00d6hman &#8211; Ledamot<br>Uno Molander &#8211; Ledamot<br>Ingrid Norman &#8211; Ledamot<br>Erik Edlund &#8211; Ledamot<br>Ingemar Holst &#8211; Ledamot<\/p>\n\n\n\n<p><\/p>\n","protected":false},"excerpt":{"rendered":"<p>Byalagets uppgift \u00e4r att v\u00e4rna om och utveckla bygdens n\u00e4ringsliv, kultur och milj\u00f6.Detta ska \u00e5stadkommas genom att:&#8211; stimulera till initiativ som gagnar bygden och dess utveckling, t.ex. sm\u00e5f\u00f6retagande, turism och&hellip;&nbsp;<a href=\"https:\/\/helgum.se\/?page_id=50\" rel=\"bookmark\"><span class=\"screen-reader-text\">Byalaget<\/span><\/a><\/p>\n","protected":false},"author":2,"featured_media":0,"parent":0,"menu_order":0,"comment_status":"closed","ping_status":"closed","template":"","meta":{"neve_meta_sidebar":"","neve_meta_container":"","neve_meta_enable_content_width":"","neve_meta_content_width":0,"neve_meta_title_alignment":"","neve_meta_author_avatar":"","neve_post_elements_order":"","neve_meta_disable_header":"","neve_meta_disable_footer":"","neve_meta_disable_title":"","footnotes":""},"class_list":["post-50","page","type-page","status-publish","hentry"],"yoast_head":"<!-- This site is optimized with the Yoast SEO plugin v27.5 - https:\/\/yoast.com\/product\/yoast-seo-wordpress\/ -->\n<title>Byalaget - Helgum.se<\/title>\n<meta name=\"robots\" content=\"noindex, follow, max-snippet:-1, max-image-preview:large, max-video-preview:-1\" \/>\n<meta property=\"og:locale\" content=\"sv_SE\" \/>\n<meta property=\"og:type\" content=\"article\" \/>\n<meta property=\"og:title\" content=\"Byalaget - Helgum.se\" \/>\n<meta property=\"og:description\" content=\"Byalagets uppgift \u00e4r att v\u00e4rna om och utveckla bygdens n\u00e4ringsliv, kultur och milj\u00f6.Detta ska \u00e5stadkommas genom att:&#8211; stimulera till initiativ som gagnar bygden och dess utveckling, t.ex. sm\u00e5f\u00f6retagande, turism och&hellip;&nbsp;Byalaget\" \/>\n<meta property=\"og:url\" content=\"https:\/\/helgum.se\/?page_id=50\" \/>\n<meta property=\"og:site_name\" content=\"Helgum.se\" \/>\n<meta property=\"article:modified_time\" content=\"2026-04-23T17:08:17+00:00\" \/>\n<meta name=\"twitter:card\" content=\"summary_large_image\" \/>\n<meta name=\"twitter:label1\" content=\"Ber\u00e4knad l\u00e4stid\" \/>\n\t<meta name=\"twitter:data1\" content=\"1 minut\" \/>\n<script type=\"application\/ld+json\" class=\"yoast-schema-graph\">{\"@context\":\"https:\\\/\\\/schema.org\",\"@graph\":[{\"@type\":\"WebPage\",\"@id\":\"https:\\\/\\\/helgum.se\\\/?page_id=50\",\"url\":\"https:\\\/\\\/helgum.se\\\/?page_id=50\",\"name\":\"Byalaget - Helgum.se\",\"isPartOf\":{\"@id\":\"https:\\\/\\\/helgum.se\\\/#website\"},\"datePublished\":\"2025-05-18T13:18:54+00:00\",\"dateModified\":\"2026-04-23T17:08:17+00:00\",\"breadcrumb\":{\"@id\":\"https:\\\/\\\/helgum.se\\\/?page_id=50#breadcrumb\"},\"inLanguage\":\"sv-SE\",\"potentialAction\":[{\"@type\":\"ReadAction\",\"target\":[\"https:\\\/\\\/helgum.se\\\/?page_id=50\"]}]},{\"@type\":\"BreadcrumbList\",\"@id\":\"https:\\\/\\\/helgum.se\\\/?page_id=50#breadcrumb\",\"itemListElement\":[{\"@type\":\"ListItem\",\"position\":1,\"name\":\"Hem\",\"item\":\"https:\\\/\\\/helgum.se\\\/\"},{\"@type\":\"ListItem\",\"position\":2,\"name\":\"Byalaget\"}]},{\"@type\":\"WebSite\",\"@id\":\"https:\\\/\\\/helgum.se\\\/#website\",\"url\":\"https:\\\/\\\/helgum.se\\\/\",\"name\":\"Helgum.se\",\"description\":\"\",\"potentialAction\":[{\"@type\":\"SearchAction\",\"target\":{\"@type\":\"EntryPoint\",\"urlTemplate\":\"https:\\\/\\\/helgum.se\\\/?s={search_term_string}\"},\"query-input\":{\"@type\":\"PropertyValueSpecification\",\"valueRequired\":true,\"valueName\":\"search_term_string\"}}],\"inLanguage\":\"sv-SE\"}]}<\/script>\n<!-- \/ Yoast SEO plugin. -->","yoast_head_json":{"title":"Byalaget - Helgum.se","robots":{"index":"noindex","follow":"follow","max-snippet":"max-snippet:-1","max-image-preview":"max-image-preview:large","max-video-preview":"max-video-preview:-1"},"og_locale":"sv_SE","og_type":"article","og_title":"Byalaget - Helgum.se","og_description":"Byalagets uppgift \u00e4r att v\u00e4rna om och utveckla bygdens n\u00e4ringsliv, kultur och milj\u00f6.Detta ska \u00e5stadkommas genom att:&#8211; stimulera till initiativ som gagnar bygden och dess utveckling, t.ex. sm\u00e5f\u00f6retagande, turism och&hellip;&nbsp;Byalaget","og_url":"https:\/\/helgum.se\/?page_id=50","og_site_name":"Helgum.se","article_modified_time":"2026-04-23T17:08:17+00:00","twitter_card":"summary_large_image","twitter_misc":{"Ber\u00e4knad l\u00e4stid":"1 minut"},"schema":{"@context":"https:\/\/schema.org","@graph":[{"@type":"WebPage","@id":"https:\/\/helgum.se\/?page_id=50","url":"https:\/\/helgum.se\/?page_id=50","name":"Byalaget - Helgum.se","isPartOf":{"@id":"https:\/\/helgum.se\/#website"},"datePublished":"2025-05-18T13:18:54+00:00","dateModified":"2026-04-23T17:08:17+00:00","breadcrumb":{"@id":"https:\/\/helgum.se\/?page_id=50#breadcrumb"},"inLanguage":"sv-SE","potentialAction":[{"@type":"ReadAction","target":["https:\/\/helgum.se\/?page_id=50"]}]},{"@type":"BreadcrumbList","@id":"https:\/\/helgum.se\/?page_id=50#breadcrumb","itemListElement":[{"@type":"ListItem","position":1,"name":"Hem","item":"https:\/\/helgum.se\/"},{"@type":"ListItem","position":2,"name":"Byalaget"}]},{"@type":"WebSite","@id":"https:\/\/helgum.se\/#website","url":"https:\/\/helgum.se\/","name":"Helgum.se","description":"","potentialAction":[{"@type":"SearchAction","target":{"@type":"EntryPoint","urlTemplate":"https:\/\/helgum.se\/?s={search_term_string}"},"query-input":{"@type":"PropertyValueSpecification","valueRequired":true,"valueName":"search_term_string"}}],"inLanguage":"sv-SE"}]}},"_links":{"self":[{"href":"https:\/\/helgum.se\/index.php?rest_route=\/wp\/v2\/pages\/50","targetHints":{"allow":["GET"]}}],"collection":[{"href":"https:\/\/helgum.se\/index.php?rest_route=\/wp\/v2\/pages"}],"about":[{"href":"https:\/\/helgum.se\/index.php?rest_route=\/wp\/v2\/types\/page"}],"author":[{"embeddable":true,"href":"https:\/\/helgum.se\/index.php?rest_route=\/wp\/v2\/users\/2"}],"replies":[{"embeddable":true,"href":"https:\/\/helgum.se\/index.php?rest_route=%2Fwp%2Fv2%2Fcomments&post=50"}],"version-history":[{"count":4,"href":"https:\/\/helgum.se\/index.php?rest_route=\/wp\/v2\/pages\/50\/revisions"}],"predecessor-version":[{"id":274,"href":"https:\/\/helgum.se\/index.php?rest_route=\/wp\/v2\/pages\/50\/revisions\/274"}],"wp:attachment":[{"href":"https:\/\/helgum.se\/index.php?rest_route=%2Fwp%2Fv2%2Fmedia&parent=50"}],"curies":[{"name":"wp","href":"https:\/\/api.w.org\/{rel}","templated":true}]}}